{"id":765,"date":"2018-10-10T14:03:24","date_gmt":"2018-10-10T12:03:24","guid":{"rendered":"https:\/\/milanconsulting.eu\/?page_id=765"},"modified":"2018-10-10T14:19:06","modified_gmt":"2018-10-10T12:19:06","slug":"politique-de-confidentialite","status":"publish","type":"page","link":"https:\/\/milanconsulting.eu\/en\/politique-de-confidentialite\/","title":{"rendered":"Privacy Policy"},"content":{"rendered":"<div class=\"wpb-content-wrapper\"><p>[vc_row full_width=&#8221;stretch_row_content_no_spaces&#8221; parallax=&#8221;content-moving&#8221; parallax_image=&#8221;554&#8243; css=&#8221;.vc_custom_1538667457581{margin-top: -50px !important;}&#8221;][vc_column][vc_empty_space height=&#8221;320px&#8221;][\/vc_column][\/vc_row][vc_row css=&#8221;.vc_custom_1535723098180{margin-top: 40px !important;margin-bottom: 40px !important;}&#8221;][vc_column width=&#8221;1\/6&#8243;][\/vc_column][vc_column width=&#8221;2\/3&#8243;][vc_column_text css_animation=&#8221;fadeInUp&#8221;]<\/p>\n<h1 style=\"text-align: center;\">Privacy Policy<\/h1>\n<p>[\/vc_column_text][\/vc_column][vc_column width=&#8221;1\/6&#8243;][\/vc_column][\/vc_row][vc_row][vc_column width=&#8221;1\/6&#8243;][\/vc_column][vc_column css_animation=&#8221;fadeInUp&#8221; width=&#8221;2\/3&#8243;][vc_column_text]<\/p>\n<h2><span id=\"result_box\" class=\"\" lang=\"en\" tabindex=\"-1\"><span title=\"Informations sur le site \">Website information<\/span><\/span><\/h2>\n<p><span title=\"Propri\u00e9taire : SAS Milan Consulting \u2013 838 582 252 au R.C.S de Romans \u2013 1 La Roche, 26730 Hostun, France \"><strong>Owner:<\/strong> SAS Milan Consulting &#8211; 838 582 252 at R.C.S de Romans &#8211; 1 La Roche, 26730 Hostun, France<\/span><\/p>\n<p><span title=\"Cr\u00e9ateur du site : SAS NEXERGO \"><strong>Website creator:<\/strong> SAS NEXERGO<\/span><\/p>\n<p><span title=\"Responsable publication : Jean-Luc Chalumeau, SAS MILAN CONSULTING \"><strong>Publication Manager:<\/strong> Jean-Luc Chalumeau, SAS MILAN CONSULTING<\/span><\/p>\n<p><span title=\"Webmaster : Jerome Lecourtier, SAS NEXERGO \"><strong>Webmaster:<\/strong> Jerome Lecourtier, SAS NEXERGO<\/span><\/p>\n<p><span title=\"H\u00e9bergeur : OVH \"><strong>Host:<\/strong> OVH<br \/>\n<\/span><span title=\"SAS au capital de 10 000 000 \u20ac RCS Roubaix \u2013 Tourcoing 424 761 419 00045 \">SAS with a capital of \u20ac 10,000,000 RCS Roubaix &#8211; Tourcoing 424,761,419,00045<br \/>\n<\/span><span title=\"Code APE 6202A \u2013 N\u00b0 TVA : FR 22 424 761 419 \">APE code 6202A &#8211; VAT number: FR 22 424 761 419<br \/>\n<\/span><span title=\"Si\u00e8ge social : 2 rue Kellermann 59100 Roubaix \u2013 France \">Registered office: 2 rue Kellermann 59100 Roubaix &#8211; France<br \/>\n<\/span><\/p>\n<h2><span title=\"Politique de confidentialit\u00e9 \/ RGPD \">Privacy Policy \/ RGPD<\/span><\/h2>\n<p><span title=\"Responsable du traitement des donn\u00e9es personnelles : Jean-Luc Chalumeau, MILAN CONSULTING \"><strong>Responsible for the processing of personal data:<\/strong> Jean-Luc Chalumeau, MILAN CONSULTING<\/span><\/p>\n<p><span title=\"Type de traitement des donn\u00e9es : Tracking Google Analytics \u00e0 des fins d\u2019analyses statistiques.\"><strong>Type of data processing:<\/strong> Google Analytics tracking for statistical analysis purposes. <\/span><span title=\"Ces donn\u00e9es sont anonymes. \">These data are anonymous.<\/span><\/p>\n<p><span title=\"Finalit\u00e9s du traitement : analyse de la fr\u00e9quentation du site afin d\u2019am\u00e9liorer la navigation sur le site web (d\u00e9tection des pages les plus fr\u00e9quent\u00e9es, des pages d\u2019erreurs\u2026). \"><strong>Purposes of the treatment:<\/strong> analysis of the site&#8217;s traffic to improve the navigation on the website (detection of the most frequented pages, error pages &#8230;).<\/span><\/p>\n<p><span title=\"Base l\u00e9gale justifiant l\u2019acceptation : validation explicite de l\u2019acceptation des cookies lors de l\u2019arriv\u00e9e sur le site (bandeau en bas de page).\"><strong>Legal basis justifying the acceptance:<\/strong> explicit validation of the acceptance of cookies upon arrival on the site (banner at the bottom of the page). <\/span><span title=\"Le visiteur a la possibilit\u00e9 de refuser le suivi de sa visite \u00e0 des fins statistiques. \">The visitor has the opportunity to refuse to follow his visit for statistical purposes.<\/span><\/p>\n<p><span title=\"Destinataires : seule la soci\u00e9t\u00e9 MILAN CONSULTING exploite ces informations. \"><strong>Recipients:<\/strong> Only the company MILAN CONSULTING uses this information.<\/span><\/p>\n<p><span title=\"Transfert de donn\u00e9es : aucun transfert de ces donn\u00e9es vers des organisations ou pays tiers ne sera r\u00e9alis\u00e9. \"><strong>Data Transfer:<\/strong> No transfer of this data to third country organizations or countries will be carried out.<\/span><\/p>\n<p><span title=\"Dur\u00e9e de r\u00e9tention des donn\u00e9es : 3 ans, selon la politique de Google Analytics. \"><strong>Data retention period:<\/strong> 3 years, according to the Google Analytics policy.<\/span><\/p>\n<p><span title=\"Acc\u00e8s \/ modifications des donn\u00e9es personnelles : aucune donn\u00e9e nominative n\u2019est conserv\u00e9e.\"><strong>Access \/ changes of personal data:<\/strong> no personal data is kept. <\/span><span title=\"Pour toute question ou demande, merci d\u2019utiliser le formulaire de contact. \">For any question or request, thank you for using the contact form.<\/span><\/p>\n<p><span title=\"Mesure de s\u00e9curit\u00e9 mise en place : passage au protocole s\u00e9curis\u00e9 https. \"><strong>Security measure implemented:<\/strong> switch to the secure https protocol.<\/span><\/p>\n<p><span title=\"Informations compl\u00e9mentaires : la publication de commentaires (r\u00e9action \u00e0 des articles) n\u2019est pas autoris\u00e9e sur ce site. \"><strong>Additional information:<\/strong> The publication of comments (reaction to articles) is not allowed on this site.<br \/>\n<\/span><\/p>\n<h2><span title=\"Services fournis par le site \">Services provided by the site<\/span><\/h2>\n<p><span title=\"Le site milanconsulting.eu a pour objet de fournir des informations concernant l\u2019ensemble des activit\u00e9s de la soci\u00e9t\u00e9.\">The aim of the milanconsulting.eu website is to provide information about all the company&#8217;s activities. <\/span><span title=\"Toutefois, il ne pourra \u00eatre tenu responsable des omissions, des inexactitudes et des carences dans la mise \u00e0 jour, qu\u2019elles soient de son fait ou du fait des tiers partenaires qui lui fournissent ces informations. \">However, he can not be held responsible for omissions, inaccuracies and deficiencies in the update, whether by him or the third party partners who provide this information.<\/span><\/p>\n<p><span title=\"Toutes les informations indiqu\u00e9es sur le site milanconsulting.eu sont donn\u00e9es \u00e0 titre indicatif, et sont susceptibles d\u2019\u00e9voluer.\">All information indicated on the site milanconsulting.eu are given as an indication, and are subject to change. <\/span><span title=\"Par ailleurs, les renseignements figurant sur le site milanconsulting.eu ne sont pas exhaustifs.\">Furthermore, the information on the milanconsulting.eu website is not exhaustive. <\/span><span title=\"Ils sont donn\u00e9s sous r\u00e9serve de modifications ayant \u00e9t\u00e9 apport\u00e9es depuis leur mise en ligne. \">They are given subject to modifications having been made since they went on line.<\/span><\/p>\n<p><span title=\"Le site Internet ne pourra \u00eatre tenu responsable de dommages mat\u00e9riels li\u00e9s \u00e0 son utilisation. \">The website can not be held responsible for material damage related to its use.<br \/>\n<\/span><\/p>\n<h2><span title=\"Propri\u00e9t\u00e9 intellectuelle \">Intellectual property<\/span><\/h2>\n<p><span title=\"La SAS MILAN CONSULTING est propri\u00e9taire des droits de propri\u00e9t\u00e9 intellectuelle ou d\u00e9tient les droits d\u2019usage sur tous les \u00e9l\u00e9ments accessibles sur le site, notamment les textes, images, graphismes, logo, ic\u00f4nes, sons, logiciels. \">SAS MILAN CONSULTING owns the intellectual property rights or holds the rights to use all the items available on the site, including text, images, graphics, logos, icons, sounds, software.<\/span><\/p>\n<p><span title=\"Toute reproduction, repr\u00e9sentation, modification, publication, adaptation de tout ou partie des \u00e9l\u00e9ments du site, quel que soit le moyen ou le proc\u00e9d\u00e9 utilis\u00e9, est interdite, sauf autorisation \u00e9crite pr\u00e9alable de la SAS MILAN CONSULTING. \">Any reproduction, representation, modification, publication, adaptation of all or part of the elements of the site, regardless of the means or process used, is prohibited without the prior written permission of SAS MILAN CONSULTING.<\/span><\/p>\n<p><span title=\"Toute exploitation non autoris\u00e9e du site ou de l\u2019un quelconque des \u00e9l\u00e9ments qu\u2019il contient sera consid\u00e9r\u00e9e comme constitutive d\u2019une contrefa\u00e7on et poursuivie conform\u00e9ment aux dispositions des articles L.335-2 et suivants du Code de Propri\u00e9t\u00e9 Intellectuelle. \">Any unauthorized use of the site or any of the elements it contains will be considered as constituting an infringement and prosecuted in accordance with the provisions of Articles L.335-2 and following of the Code of Intellectual Property.<br \/>\n<\/span><span title=\"Droit applicable \">Applicable right<\/span><\/p>\n<p><span title=\"Tout litige en relation avec l\u2019utilisation du site milanconsulting.eu est soumis au droit fran\u00e7ais.\">Any dispute in connection with the use of the site milanconsulting.eu is subject to French law.<\/span>[\/vc_column_text][\/vc_column][vc_column width=&#8221;1\/6&#8243;][\/vc_column][\/vc_row][vc_row css_animation=&#8221;fadeInUp&#8221; title=&#8221;Une question ? Contactez-nous&#8221; style=&#8221;modern&#8221; gradient_color_1=&#8221;turquoise&#8221; gradient_color_2=&#8221;vista-blue&#8221; gradient_custom_color_1=&#8221;#dd3333&#8243; gradient_custom_color_2=&#8221;#eeee22&#8243; gradient_text_color=&#8221;#ffffff&#8221; custom_background=&#8221;#ededed&#8221; custom_text=&#8221;#666666&#8243; outline_custom_color=&#8221;#666666&#8243; outline_custom_hover_background=&#8221;#666666&#8243; outline_custom_hover_text=&#8221;#ffffff&#8221; shape=&#8221;rounded&#8221; color=&#8221;success&#8221; size=&#8221;md&#8221; align=&#8221;center&#8221; button_block=&#8221;&#8221; add_icon=&#8221;&#8221; i_align=&#8221;left&#8221; i_type=&#8221;fontawesome&#8221; i_icon_fontawesome=&#8221;fa fa-adjust&#8221; i_icon_openiconic=&#8221;vc-oi vc-oi-dial&#8221; i_icon_typicons=&#8221;typcn typcn-adjust-brightness&#8221; i_icon_entypo=&#8221;entypo-icon entypo-icon-note&#8221; i_icon_linecons=&#8221;vc_li vc_li-heart&#8221; i_icon_monosocial=&#8221;vc-mono vc-mono-fivehundredpx&#8221; i_icon_material=&#8221;vc-material vc-material-cake&#8221; i_icon_pixelicons=&#8221;vc_pixel_icon vc_pixel_icon-alert&#8221; custom_onclick=&#8221;&#8221; link=&#8221;url:http%3A%2F%2Fmilanconsulting.eu%2F%3Fpage_id%3D30|||&#8221; custom_onclick_code=&#8221;&#8221; css=&#8221;.vc_custom_1535725062678{margin-top: 60px !important;margin-bottom: 60px !important;}&#8221;][vc_column][vc_btn title=&#8221;A question? Contact us.&#8221; color=&#8221;success&#8221; align=&#8221;center&#8221; css_animation=&#8221;fadeInUp&#8221; link=&#8221;url:%2Fen%2Fcontact-us%2F|||&#8221;][\/vc_column][\/vc_row]<\/p>\n<\/div>","protected":false},"excerpt":{"rendered":"<p>[vc_row full_width=&#8221;stretch_row_content_no_spaces&#8221; parallax=&#8221;content-moving&#8221; parallax_image=&#8221;554&#8243; css=&#8221;.vc_custom_1538667457581{margin-top: -50px !important;}&#8221;][vc_column][vc_empty_space height=&#8221;320px&#8221;][\/vc_column][\/vc_row][vc_row css=&#8221;.vc_custom_1535723098180{margin-top: 40px !important;margin-bottom: 40px !important;}&#8221;][vc_column width=&#8221;1\/6&#8243;][\/vc_column][vc_column width=&#8221;2\/3&#8243;][vc_column_text css_animation=&#8221;fadeInUp&#8221;] Privacy Policy [\/vc_column_text][\/vc_column][vc_column width=&#8221;1\/6&#8243;][\/vc_column][\/vc_row][vc_row][vc_column width=&#8221;1\/6&#8243;][\/vc_column][vc_column css_animation=&#8221;fadeInUp&#8221; width=&#8221;2\/3&#8243;][vc_column_text] Website information Owner: SAS Milan Consulting &#8211; 838 582 252 at R.C.S de Romans &#8211; 1 La Roche, 26730 Hostun, France Website creator: SAS NEXERGO Publication Manager: Jean-Luc Chalumeau, SAS MILAN CONSULTING [&hellip;]<\/p>\n","protected":false},"author":2,"featured_media":0,"parent":0,"menu_order":0,"comment_status":"closed","ping_status":"closed","template":"","meta":{"_acf_changed":false,"footnotes":""},"class_list":["post-765","page","type-page","status-publish","hentry"],"acf":[],"_links":{"self":[{"href":"https:\/\/milanconsulting.eu\/en\/wp-json\/wp\/v2\/pages\/765","targetHints":{"allow":["GET"]}}],"collection":[{"href":"https:\/\/milanconsulting.eu\/en\/wp-json\/wp\/v2\/pages"}],"about":[{"href":"https:\/\/milanconsulting.eu\/en\/wp-json\/wp\/v2\/types\/page"}],"author":[{"embeddable":true,"href":"https:\/\/milanconsulting.eu\/en\/wp-json\/wp\/v2\/users\/2"}],"replies":[{"embeddable":true,"href":"https:\/\/milanconsulting.eu\/en\/wp-json\/wp\/v2\/comments?post=765"}],"version-history":[{"count":8,"href":"https:\/\/milanconsulting.eu\/en\/wp-json\/wp\/v2\/pages\/765\/revisions"}],"predecessor-version":[{"id":773,"href":"https:\/\/milanconsulting.eu\/en\/wp-json\/wp\/v2\/pages\/765\/revisions\/773"}],"wp:attachment":[{"href":"https:\/\/milanconsulting.eu\/en\/wp-json\/wp\/v2\/media?parent=765"}],"curies":[{"name":"wp","href":"https:\/\/api.w.org\/{rel}","templated":true}]}}